{"id":93,"date":"2015-08-25T09:14:36","date_gmt":"2015-08-25T09:14:36","guid":{"rendered":"http:\/\/blogs.gresille.org\/auclairduquartier\/?page_id=93"},"modified":"2024-10-10T19:53:50","modified_gmt":"2024-10-10T19:53:50","slug":"documents","status":"publish","type":"page","link":"https:\/\/blogs.gresille.org\/auclairduquartier\/documents\/","title":{"rendered":"Documents"},"content":{"rendered":"<p><span style=\"color: #800000\">PROJET<\/span><\/p>\n<ul>\n<li><a href=\"https:\/\/blogs.gresille.org\/auclairduquartier\/wp-content\/uploads\/sites\/3\/2016\/01\/Pr\u00e9sentation-Rapide-Au-Clair-Du-Quartier-Janvier-2016-v2.pdf\">Pr\u00e9sentation rapide\u00a0&#8211; Janvier 2016<\/a><\/li>\n<li><a href=\"https:\/\/blogs.gresille.org\/auclairduquartier\/wp-content\/uploads\/sites\/3\/2024\/10\/Presentation-Projet-Au-Clair-du-Quartier-V8.pdf\" target=\"_blank\" rel=\"noopener noreferrer\">Pr\u00e9sentation longue &#8211; Janvier 2016<\/a><\/li>\n<\/ul>\n<p><span style=\"color: #800000\">MAIRIE<\/span><\/p>\n<ul>\n<li><a href=\"http:\/\/blogs.gresille.org\/auclairduquartier\/wp-content\/uploads\/sites\/3\/2015\/08\/Appel_a_projets_Champs_Elysees.pdf\" target=\"_blank\" rel=\"noopener noreferrer\">Appel \u00e0 projets 1bis rue des Champs Elys\u00e9es<\/a><\/li>\n<li><a href=\"http:\/\/blogs.gresille.org\/auclairduquartier\/wp-content\/uploads\/sites\/3\/2015\/08\/Cahier_des_charges_Champs_Elysees.pdf\" target=\"_blank\" rel=\"noopener noreferrer\">Cahier des charges <\/a><a href=\"http:\/\/blogs.gresille.org\/auclairduquartier\/wp-content\/uploads\/sites\/3\/2015\/08\/Appel_a_projets_Champs_Elysees.pdf\" target=\"_blank\" rel=\"noopener noreferrer\">1bis rue des <\/a><a href=\"http:\/\/blogs.gresille.org\/auclairduquartier\/wp-content\/uploads\/sites\/3\/2015\/08\/Cahier_des_charges_Champs_Elysees.pdf\" target=\"_blank\" rel=\"noopener noreferrer\">Champs Elys\u00e9es<\/a><\/li>\n<li><a href=\"http:\/\/blogs.gresille.org\/auclairduquartier\/wp-content\/uploads\/sites\/3\/2015\/08\/DELIBERATION-MAIRIE-courrier-officiel-t\u00e9nement-1-rue-champs-Elys\u00e9es.pdf\" target=\"_blank\" rel=\"noopener noreferrer\">D\u00e9lib\u00e9ration mairie 1bis rue des\u00a0Champs Elys\u00e9es<\/a><\/li>\n<\/ul>\n<p><span style=\"color: #800000\">ARCHITECTURE<\/span><\/p>\n<ul>\n<li>Cliquez <a href=\"https:\/\/blogs.gresille.org\/auclairduquartier\/documents\/documents-archi\/\">ici<\/a> pour acc\u00e9der \u00e0 la page des documents \u00ab\u00a0Archi\u00a0\u00bb<\/li>\n<\/ul>\n","protected":false},"excerpt":{"rendered":"<p>PROJET Pr\u00e9sentation rapide\u00a0&#8211; Janvier 2016 Pr\u00e9sentation longue &#8211; Janvier 2016 MAIRIE Appel \u00e0 projets 1bis rue des Champs Elys\u00e9es Cahier des charges 1bis rue des Champs Elys\u00e9es D\u00e9lib\u00e9ration mairie 1bis rue des\u00a0Champs Elys\u00e9es ARCHITECTURE Cliquez ici pour acc\u00e9der \u00e0 la page des documents \u00ab\u00a0Archi\u00a0\u00bb<\/p>\n","protected":false},"author":3,"featured_media":0,"parent":0,"menu_order":0,"comment_status":"closed","ping_status":"open","template":"","meta":{"footnotes":""},"class_list":["post-93","page","type-page","status-publish","hentry"],"_links":{"self":[{"href":"https:\/\/blogs.gresille.org\/auclairduquartier\/wp-json\/wp\/v2\/pages\/93","targetHints":{"allow":["GET"]}}],"collection":[{"href":"https:\/\/blogs.gresille.org\/auclairduquartier\/wp-json\/wp\/v2\/pages"}],"about":[{"href":"https:\/\/blogs.gresille.org\/auclairduquartier\/wp-json\/wp\/v2\/types\/page"}],"author":[{"embeddable":true,"href":"https:\/\/blogs.gresille.org\/auclairduquartier\/wp-json\/wp\/v2\/users\/3"}],"replies":[{"embeddable":true,"href":"https:\/\/blogs.gresille.org\/auclairduquartier\/wp-json\/wp\/v2\/comments?post=93"}],"version-history":[{"count":21,"href":"https:\/\/blogs.gresille.org\/auclairduquartier\/wp-json\/wp\/v2\/pages\/93\/revisions"}],"predecessor-version":[{"id":2634,"href":"https:\/\/blogs.gresille.org\/auclairduquartier\/wp-json\/wp\/v2\/pages\/93\/revisions\/2634"}],"wp:attachment":[{"href":"https:\/\/blogs.gresille.org\/auclairduquartier\/wp-json\/wp\/v2\/media?parent=93"}],"curies":[{"name":"wp","href":"https:\/\/api.w.org\/{rel}","templated":true}]}}