{"id":5,"date":"2015-05-18T15:19:20","date_gmt":"2015-05-18T15:19:20","guid":{"rendered":"http:\/\/blogs.gresille.org\/auclairduquartier\/?page_id=5"},"modified":"2017-10-19T11:44:30","modified_gmt":"2017-10-19T11:44:30","slug":"a-propos-du-groupe-au-clair-du-quartier","status":"publish","type":"page","link":"https:\/\/blogs.gresille.org\/auclairduquartier\/a-propos-du-groupe-au-clair-du-quartier\/","title":{"rendered":"A propos du blog"},"content":{"rendered":"<p>Ce site est le\u00a0blog officiel du groupe des habitants de l&rsquo;habitat\u00a0participatif\u00a0\u00ab\u00a0Au clair du quartier\u00a0\u00bb, situ\u00e9 au 1bis rue des Champs Elys\u00e9es \u00e0 Grenoble (quartier des Eaux-Claires).<\/p>\n<p>Vous y trouverez :<\/p>\n<ul>\n<li>la pr\u00e9sentation du groupe et du projet<\/li>\n<li>les grandes lignes et \u00e9tapes du projet<\/li>\n<li>la chronologie du projet<\/li>\n<li>des articles avec des photos et (peut \u00eatre) des vid\u00e9os<\/li>\n<li>des plans, des sch\u00e9mas<\/li>\n<li>des techniques de construction ou autres<\/li>\n<li>des documents utiles (chartes, appel \u00e0 projet de la ville, etc.)<\/li>\n<li>des adresses d&rsquo;autres sites en lien avec l&rsquo;habitat participatif<\/li>\n<\/ul>\n<p><a href=\"http:\/\/blogs.gresille.org\/auclairduquartier\/wp-content\/uploads\/sites\/3\/2015\/05\/IMG_8481.jpg\"><img loading=\"lazy\" decoding=\"async\" class=\" size-medium wp-image-6 alignleft\" src=\"http:\/\/blogs.gresille.org\/auclairduquartier\/wp-content\/uploads\/sites\/3\/2015\/05\/IMG_8481-300x225.jpg\" alt=\"Le terrain!!! \" width=\"300\" height=\"225\" srcset=\"https:\/\/blogs.gresille.org\/auclairduquartier\/wp-content\/uploads\/sites\/3\/2015\/05\/IMG_8481-300x225.jpg 300w, https:\/\/blogs.gresille.org\/auclairduquartier\/wp-content\/uploads\/sites\/3\/2015\/05\/IMG_8481-1024x768.jpg 1024w, https:\/\/blogs.gresille.org\/auclairduquartier\/wp-content\/uploads\/sites\/3\/2015\/05\/IMG_8481-624x468.jpg 624w, https:\/\/blogs.gresille.org\/auclairduquartier\/wp-content\/uploads\/sites\/3\/2015\/05\/IMG_8481.jpg 1536w\" sizes=\"auto, (max-width: 300px) 100vw, 300px\" \/><\/a><\/p>\n","protected":false},"excerpt":{"rendered":"<p>Ce site est le\u00a0blog officiel du groupe des habitants de l&rsquo;habitat\u00a0participatif\u00a0\u00ab\u00a0Au clair du quartier\u00a0\u00bb, situ\u00e9 au 1bis rue des Champs Elys\u00e9es \u00e0 Grenoble (quartier des Eaux-Claires). Vous y trouverez : la pr\u00e9sentation du groupe et du projet les grandes lignes et \u00e9tapes du projet la chronologie du projet des articles avec des photos et (peut &hellip; <a href=\"https:\/\/blogs.gresille.org\/auclairduquartier\/a-propos-du-groupe-au-clair-du-quartier\/\" class=\"more-link\">Continuer la lecture de <span class=\"screen-reader-text\">A propos du blog<\/span>  <span class=\"meta-nav\">&rarr;<\/span><\/a><\/p>\n","protected":false},"author":3,"featured_media":0,"parent":0,"menu_order":0,"comment_status":"closed","ping_status":"open","template":"","meta":{"footnotes":""},"class_list":["post-5","page","type-page","status-publish","hentry"],"_links":{"self":[{"href":"https:\/\/blogs.gresille.org\/auclairduquartier\/wp-json\/wp\/v2\/pages\/5","targetHints":{"allow":["GET"]}}],"collection":[{"href":"https:\/\/blogs.gresille.org\/auclairduquartier\/wp-json\/wp\/v2\/pages"}],"about":[{"href":"https:\/\/blogs.gresille.org\/auclairduquartier\/wp-json\/wp\/v2\/types\/page"}],"author":[{"embeddable":true,"href":"https:\/\/blogs.gresille.org\/auclairduquartier\/wp-json\/wp\/v2\/users\/3"}],"replies":[{"embeddable":true,"href":"https:\/\/blogs.gresille.org\/auclairduquartier\/wp-json\/wp\/v2\/comments?post=5"}],"version-history":[{"count":9,"href":"https:\/\/blogs.gresille.org\/auclairduquartier\/wp-json\/wp\/v2\/pages\/5\/revisions"}],"predecessor-version":[{"id":1285,"href":"https:\/\/blogs.gresille.org\/auclairduquartier\/wp-json\/wp\/v2\/pages\/5\/revisions\/1285"}],"wp:attachment":[{"href":"https:\/\/blogs.gresille.org\/auclairduquartier\/wp-json\/wp\/v2\/media?parent=5"}],"curies":[{"name":"wp","href":"https:\/\/api.w.org\/{rel}","templated":true}]}}