{"id":22,"date":"2015-06-08T14:55:51","date_gmt":"2015-06-08T14:55:51","guid":{"rendered":"http:\/\/blogs.gresille.org\/auclairduquartier\/?page_id=22"},"modified":"2022-10-18T21:01:10","modified_gmt":"2022-10-18T21:01:10","slug":"liens","status":"publish","type":"page","link":"https:\/\/blogs.gresille.org\/auclairduquartier\/liens\/","title":{"rendered":"Liens"},"content":{"rendered":"<p>Voici une s\u00e9lection de liens vers des sites internet en r\u00e9sonance avec notre projet ou concernant l&rsquo;habitat group\u00e9 en g\u00e9n\u00e9ral :<\/p>\n<ul>\n<li>Les Habiles (LE site de l&rsquo;association grenobloise) : <a href=\"http:\/\/leshabiles.org\/\" target=\"_blank\" rel=\"noopener noreferrer\">http:\/\/leshabiles.org\/<\/a><\/li>\n<li>Relie-Toits (site participatif pour le partage d&rsquo;information) : <a href=\"http:\/\/relie-toits.org\/\" target=\"_blank\" rel=\"noopener noreferrer\">http:\/\/relie-toits.org\/<\/a><\/li>\n<li>Le portail des habitants participatifs :\u00a0 <a href=\"https:\/\/www.habitatparticipatif-france.fr\/?HPFCartographie\" target=\"_blank\" rel=\"noopener noreferrer\">https:\/\/www.habitatparticipatif-france.fr\/?HPFCartographie<\/a><\/li>\n<li>Eco Habitat Group\u00e9 :\u00a0 \u00a0 \u00a0 \u00a0 \u00a0 \u00a0 \u00a0 \u00a0 \u00a0 \u00a0 \u00a0 \u00a0 \u00a0 \u00a0 \u00a0 \u00a0 \u00a0 \u00a0 \u00a0 \u00a0 <a href=\"http:\/\/www.ecohabitatgroupe.fr\/\" target=\"_blank\" rel=\"noopener noreferrer\">http:\/\/www.ecohabitatgroupe.fr<\/a><\/li>\n<li>Nos magnifiques toilettes s\u00e8ches \u00e0 s\u00e9paration viennent de l\u00e0 : <a href=\"https:\/\/www.maison-ecolo.com\/separett.html\" target=\"_blank\" rel=\"noopener noreferrer\">Maison-\u00e9colo &#8211; Separett<\/a><\/li>\n<li>Les toilettes s\u00e8ches \u00e0 s\u00e9paration humature (la toilette SANSPLOUF) :\u00a0<a href=\"http:\/\/humature.fr\" target=\"_blank\" rel=\"noopener noreferrer\">http:\/\/humature.fr<\/a><\/li>\n<li>Vid\u00e9o toilettes s\u00e8ches :\u00a0 \u00a0 \u00a0 \u00a0 \u00a0 \u00a0 \u00a0 \u00a0 \u00a0 \u00a0 <a href=\"https:\/\/www.youtube.com\/watch?v=9ThiuVN-Koo\" target=\"_blank\" rel=\"noopener noreferrer\">https:\/\/www.youtube.com\/watch?v=9ThiuVN-Koo<\/a><\/li>\n<li>Tuto toilettes s\u00e8ches :\u00a0 <a href=\"http:\/\/lowtechlab.org\/wiki\/Toilettes_s\u00e8ches_familiales\" target=\"_blank\" rel=\"noopener noreferrer\">http:\/\/lowtechlab.org\/wiki\/Toilettes_s\u00e8ches_familiales<\/a><\/li>\n<li>\n<p class=\"QueueInfoContent__title___2Gvkw\">\u00ab\u00a0L\u2019Eau, \u00e7a chie\u00a0\u00bb &#8211; Une conf\u00e9rence gesticul\u00e9e par Anthony BRAULT et Samuel LANOE :\u00a0 \u00a0 \u00a0\u00a0<a href=\"https:\/\/www.dailymotion.com\/video\/xpr3tk\" target=\"_blank\" rel=\"noopener noreferrer\">https:\/\/www.dailymotion.com\/video\/xpr3tk<\/a><\/p>\n<\/li>\n<li>\n<p class=\"QueueInfoContent__title___2Gvkw\"><a href=\"https:\/\/www.leesu.fr\/ocapi\/\" target=\"_blank\" rel=\"noopener noreferrer\">Ocapi-Programme de recherche &amp; action sur les syst\u00e8mes alimentation\/excr\u00e9tion urbains et la s\u00e9paration \u00e0 la source des eaux us\u00e9es<\/a><\/p>\n<\/li>\n<li><a href=\"https:\/\/transiscope.org\" target=\"_blank\" rel=\"noopener noreferrer\">Transiscope &#8211; Le portail web des alternatives<\/a><\/li>\n<\/ul>\n<p>\u00ab\u00a0Au clair du quartier\u00a0\u00bb dans les m\u00e9dia (vid\u00e9o, articles&#8230;) ou sur internet :<\/p>\n<ul>\n<li><a href=\"https:\/\/www.notre-planete.info\/actualites\/2822-toilettes-separatives-seche-urine\" target=\"_blank\" rel=\"noopener noreferrer\">Vers des toilettes s\u00e9paratives \u00e9conomes en eau o\u00f9 l&rsquo;urine peut \u00eatre valoris\u00e9e comme engrais<\/a><\/li>\n<li><a href=\"https:\/\/boutique.terrevivante.org\/librairie\/magazine\/4145\/459-numero-241-des-4-saisons.htm\" target=\"_blank\" rel=\"noopener noreferrer\">Dossier des 4 saisons du jardinage &#8211; mars\/avril 2020. Toilettes s\u00e8ches : les f\u00e8ces au sec<\/a><\/li>\n<li><a href=\"https:\/\/phototraitdunion.wixsite.com\/collectif\/11-clair-de-quartier\" target=\"_blank\" rel=\"noopener noreferrer\">Interview Lionel et photo cha\u00eene humaine pour la biennale de 2019 des villes en transition<\/a><\/li>\n<li><a href=\"https:\/\/www.fibois-aura.org\/wp-content\/uploads\/2018\/11\/Livre-PRCB-2018.pdf\" target=\"_blank\" rel=\"noopener noreferrer\">Prix r\u00e9gional de la construction bois Auvergne-Rh\u00f4ne-Alpes 2018<\/a><\/li>\n<li><a href=\"https:\/\/www.youtube.com\/watch?v=2jUb3CBgjxM&amp;t=118s\" target=\"_blank\" rel=\"noopener noreferrer\">Vid\u00e9o Fibois Auvergne-Rh\u00f4ne-Alpes 2018<\/a><\/li>\n<li><a href=\"http:\/\/www.observatoire-culture.net\/rep-revue\/rub-sommaire\/ido-66\/tiers_lieux_un_modele_a_suivre.html#sommaire\" target=\"_blank\" rel=\"noopener noreferrer\">Couverture de l&rsquo;observatoire des politiques culturelles<\/a><\/li>\n<li><a href=\"https:\/\/www.youtube.com\/watch?v=9ThiuVN-Koo\" target=\"_blank\" rel=\"noopener noreferrer\">Vid\u00e9o toilettes s\u00e8ches de lowtec lab<\/a><\/li>\n<li><a href=\"https:\/\/boutique.terrevivante.org\/librairie\/magazine\/3873\/459-numero-231-des-4-saisons-du-jardin-bio.htm\" target=\"_blank\" rel=\"noopener noreferrer\">Les 4 saisons du jardinage juillet-ao\u00fbt 2018 : Immeuble participatif : ils la jouent collectif<\/a><\/li>\n<li><a href=\"http:\/\/www.placegrenet.fr\/2017\/05\/18\/mois-de-l-habitat-participatif-clair-quartier-exemple-a-suivre\/138313\" target=\"_blank\" rel=\"noopener noreferrer\">Place Gre&rsquo;net &#8211; journ\u00e9es portes ouvertes 2017<\/a><\/li>\n<li><a href=\"http:\/\/www.placegrenet.fr\/2017\/03\/12\/grenoble-devoile-cinq-laureats-de-prix-de-lhabitat-durable\/127019\" target=\"_blank\" rel=\"noopener noreferrer\">Prix de l&rsquo;habitat durable 2017 (biennale des villes en transition)<\/a><\/li>\n<li><a href=\"http:\/\/europe.quarcs.com\/tiers-lieux\/12_06_auclair\/\" target=\"_blank\" rel=\"noopener noreferrer\">Quarcs<\/a><\/li>\n<li><a href=\"https:\/\/www.build-green.fr\/video-au-clair-du-quartier-un-bel-exemple-dhabitat-participatif-en-isere-fr-38\/?doing_wp_cron=1557704637.9102139472961425781250\" target=\"_blank\" rel=\"noopener noreferrer\">Article Build Green<\/a><\/li>\n<li>Le site de Nicephore Tsimbidaros, photographe qui a suivi toute la construction de notre projet :\u00a0\u00a0<a href=\"https:\/\/nicephoretsimbidaros.com\/Au-Clair-du-Quartier-Grenoble-38-1\" target=\"_blank\" rel=\"noopener noreferrer\">nicephoretsimbidaros.com\/Au-Clair-du-Quartier-Grenoble-38-1<\/a><\/li>\n<li>Le site de Florian Golay (un de nos 2 architextes) :\u00a0\u00a0<a href=\"https:\/\/golay-architecte.fr\/au-clair-du-quartier\" target=\"_blank\" rel=\"noopener noreferrer\">golay-architecte.fr\/au-clair-du-quartier<\/a><\/li>\n<li><a href=\"https:\/\/www.caue-isere.org\/operations-exemplaires\/habitat-participatif-a-grenoble-vivre-avec-son-quartier\/\" target=\"_blank\" rel=\"noopener noreferrer\">CAUE Is\u00e8re<\/a><\/li>\n<li><a href=\"https:\/\/www.caue-isere.org\/wp-content\/medias\/2019\/04\/A_Logement_Groupe\u0301-et-ou-coope\u0301ratif_Au-Clair-du-Quartier_Grenoble_Golay.pdf\" target=\"_blank\" rel=\"noopener noreferrer\">Fiche du CAUE<\/a><\/li>\n<\/ul>\n","protected":false},"excerpt":{"rendered":"<p>Voici une s\u00e9lection de liens vers des sites internet en r\u00e9sonance avec notre projet ou concernant l&rsquo;habitat group\u00e9 en g\u00e9n\u00e9ral : Les Habiles (LE site de l&rsquo;association grenobloise) : http:\/\/leshabiles.org\/ Relie-Toits (site participatif pour le partage d&rsquo;information) : http:\/\/relie-toits.org\/ Le portail des habitants participatifs :\u00a0 https:\/\/www.habitatparticipatif-france.fr\/?HPFCartographie Eco Habitat Group\u00e9 :\u00a0 \u00a0 \u00a0 \u00a0 \u00a0 \u00a0 &hellip; <a href=\"https:\/\/blogs.gresille.org\/auclairduquartier\/liens\/\" class=\"more-link\">Continuer la lecture de <span class=\"screen-reader-text\">Liens<\/span>  <span class=\"meta-nav\">&rarr;<\/span><\/a><\/p>\n","protected":false},"author":3,"featured_media":1382,"parent":0,"menu_order":0,"comment_status":"closed","ping_status":"open","template":"","meta":{"footnotes":""},"class_list":["post-22","page","type-page","status-publish","has-post-thumbnail","hentry"],"_links":{"self":[{"href":"https:\/\/blogs.gresille.org\/auclairduquartier\/wp-json\/wp\/v2\/pages\/22","targetHints":{"allow":["GET"]}}],"collection":[{"href":"https:\/\/blogs.gresille.org\/auclairduquartier\/wp-json\/wp\/v2\/pages"}],"about":[{"href":"https:\/\/blogs.gresille.org\/auclairduquartier\/wp-json\/wp\/v2\/types\/page"}],"author":[{"embeddable":true,"href":"https:\/\/blogs.gresille.org\/auclairduquartier\/wp-json\/wp\/v2\/users\/3"}],"replies":[{"embeddable":true,"href":"https:\/\/blogs.gresille.org\/auclairduquartier\/wp-json\/wp\/v2\/comments?post=22"}],"version-history":[{"count":28,"href":"https:\/\/blogs.gresille.org\/auclairduquartier\/wp-json\/wp\/v2\/pages\/22\/revisions"}],"predecessor-version":[{"id":2367,"href":"https:\/\/blogs.gresille.org\/auclairduquartier\/wp-json\/wp\/v2\/pages\/22\/revisions\/2367"}],"wp:featuredmedia":[{"embeddable":true,"href":"https:\/\/blogs.gresille.org\/auclairduquartier\/wp-json\/wp\/v2\/media\/1382"}],"wp:attachment":[{"href":"https:\/\/blogs.gresille.org\/auclairduquartier\/wp-json\/wp\/v2\/media?parent=22"}],"curies":[{"name":"wp","href":"https:\/\/api.w.org\/{rel}","templated":true}]}}