{"id":15,"date":"2024-10-16T14:56:36","date_gmt":"2024-10-16T14:56:36","guid":{"rendered":"http:\/\/blogs.gresille.org\/auclairduquartier\/?page_id=15"},"modified":"2025-10-01T08:29:23","modified_gmt":"2025-10-01T08:29:23","slug":"le-groupe","status":"publish","type":"page","link":"https:\/\/blogs.gresille.org\/auclairduquartier\/le-groupe\/","title":{"rendered":"Le groupe \u00ab\u00a0Au clair du quartier\u00a0\u00bb"},"content":{"rendered":"<p>QUI SOMMES-NOUS ?! (mise \u00e0 jour octobre 2025)<\/p>\n<p>En quelques lignes, une petite\u00a0pr\u00e9sentation de notre groupe&#8230;<\/p>\n<p>L&rsquo;immeuble \u00ab Au Clair du Quartier \u00bb est compos\u00e9 de 5 logements et des espaces communs (une salle commune de 45m\u00b2, une chambre d&rsquo;amis, une buanderie, une terrasse au 2\u00b0 \u00e9tage et un jardin).<\/p>\n<p>Notre collectif est structur\u00e9 autour de 3 instances : la copropri\u00e9t\u00e9 qui g\u00e8re le b\u00e2timent et les charges communes, la SCI qui est propri\u00e9taire des espaces communs, et l&rsquo;association qui est en charge de g\u00e9rer les accueils et l&rsquo;animation de la salle commune.<\/p>\n<p>Nous sommes actuellement 5 foyers :<\/p>\n<ul>\n<li>J\u00e9r\u00f4me (51 ans, charg\u00e9 de projets culturels &amp; artiste), p\u00e8re de Zo\u00e9 (19 ans, \u00e9tudiante \u00e0 Paris) et Yann (16 ans, en Terminale),<\/li>\n<li>\u00c9tienne (48 ans, informaticien), p\u00e8re de Samuel (12 ans, en 5\u00b0),<\/li>\n<li>Lionel (52 ans, enseignant), p\u00e8re de Malo (20 ans, \u00e9tudiant \u00e0 Paris) et Ilan (16 ans, en 1ere),<\/li>\n<li>B\u00e9n\u00e9dicte (49 ans, accompagnatrice de projets d&rsquo;habitat participatifs) et Thomas (50 ans, architecte), parents de Joaquim (16 ans, en 1ere) et Ad\u00e8le (11 ans, en 6e).<\/li>\n<li>Zelda (34 ans) metteuse en sc\u00e8ne et Rodrigo (45 ans) chor\u00e9graphe.<\/li>\n<\/ul>\n<p>\u00c9tant donn\u00e9 notre composition actuelle, nous aspirons \u00e0 une plus grande mixit\u00e9 de genre et d&rsquo;\u00e2ge dans notre groupe.<\/p>\n<p>La question environnementale nous anime tous beaucoup, et nous l&rsquo;avons traduit en particulier par nos choix de mat\u00e9riaux pour la construction, par la mise en place de toilettes s\u00e8ches \u00e0 s\u00e9paration dans chaque appartement et par la mutualisation de nos voitures.<\/p>\n<p>Nous sommes particuli\u00e8rement en lien avec le quartier, et notre salle commune a une forte dimension d&rsquo;accueil : des ateliers r\u00e9guliers, des \u00e9v\u00e9nements ponctuels, et une programmation culturelle la rendent tr\u00e8s vivante.<\/p>\n<p>Notre chambre d&rsquo;amis a principalement pour vocation d&rsquo;accueillir nos amis et notre famille lorsqu&rsquo;ils nous rendent visite, mais nous avons d\u00e9j\u00e0 \u00e9t\u00e9 amen\u00e9s \u00e0 la proposer en d\u00e9pannage solidaire pour des personnes qui en avaient besoin, et nous sommes heureux qu&rsquo;elle puisse servir aussi \u00e0 cela.<\/p>\n<p>Nous g\u00e9rons \u00e9galement en commun la mutualisation des voitures. Nous entretenons collectivement le b\u00e2timent et le jardin \u00e0 l&rsquo;occasion de journ\u00e9es de chantiers collectif, qui ont lieu r\u00e9guli\u00e8rement.<\/p>\n<p>Au Clair du Quartier est depuis le d\u00e9but une aventure humaine intense, et nous aimons aussi nous retrouver de mani\u00e8re informelle pour un ap\u00e9ro, un repas improvis\u00e9 ou une s\u00e9ance cin\u00e9 !<\/p>\n<p><a href=\"https:\/\/blogs.gresille.org\/auclairduquartier\/wp-content\/uploads\/sites\/3\/2025\/10\/WhatsApp-Image-2025-09-30-at-13.52.57-2.jpeg\"><img loading=\"lazy\" decoding=\"async\" class=\"alignnone wp-image-2710 size-medium\" src=\"https:\/\/blogs.gresille.org\/auclairduquartier\/wp-content\/uploads\/sites\/3\/2025\/10\/WhatsApp-Image-2025-09-30-at-13.52.57-2-300x225.jpeg\" alt=\"\" width=\"300\" height=\"225\" srcset=\"https:\/\/blogs.gresille.org\/auclairduquartier\/wp-content\/uploads\/sites\/3\/2025\/10\/WhatsApp-Image-2025-09-30-at-13.52.57-2-300x225.jpeg 300w, https:\/\/blogs.gresille.org\/auclairduquartier\/wp-content\/uploads\/sites\/3\/2025\/10\/WhatsApp-Image-2025-09-30-at-13.52.57-2-1024x768.jpeg 1024w, https:\/\/blogs.gresille.org\/auclairduquartier\/wp-content\/uploads\/sites\/3\/2025\/10\/WhatsApp-Image-2025-09-30-at-13.52.57-2-768x576.jpeg 768w, https:\/\/blogs.gresille.org\/auclairduquartier\/wp-content\/uploads\/sites\/3\/2025\/10\/WhatsApp-Image-2025-09-30-at-13.52.57-2-600x450.jpeg 600w, https:\/\/blogs.gresille.org\/auclairduquartier\/wp-content\/uploads\/sites\/3\/2025\/10\/WhatsApp-Image-2025-09-30-at-13.52.57-2-1536x1152.jpeg 1536w, https:\/\/blogs.gresille.org\/auclairduquartier\/wp-content\/uploads\/sites\/3\/2025\/10\/WhatsApp-Image-2025-09-30-at-13.52.57-2.jpeg 1600w\" sizes=\"auto, (max-width: 300px) 100vw, 300px\" \/><\/a><\/p>\n","protected":false},"excerpt":{"rendered":"<p>QUI SOMMES-NOUS ?! (mise \u00e0 jour octobre 2025) En quelques lignes, une petite\u00a0pr\u00e9sentation de notre groupe&#8230; L&rsquo;immeuble \u00ab Au Clair du Quartier \u00bb est compos\u00e9 de 5 logements et des espaces communs (une salle commune de 45m\u00b2, une chambre d&rsquo;amis, une buanderie, une terrasse au 2\u00b0 \u00e9tage et un jardin). Notre collectif est structur\u00e9 autour &hellip; <a href=\"https:\/\/blogs.gresille.org\/auclairduquartier\/le-groupe\/\" class=\"more-link\">Continuer la lecture de <span class=\"screen-reader-text\">Le groupe \u00ab\u00a0Au clair du quartier\u00a0\u00bb<\/span>  <span class=\"meta-nav\">&rarr;<\/span><\/a><\/p>\n","protected":false},"author":3,"featured_media":0,"parent":0,"menu_order":0,"comment_status":"closed","ping_status":"open","template":"","meta":{"footnotes":""},"class_list":["post-15","page","type-page","status-publish","hentry"],"_links":{"self":[{"href":"https:\/\/blogs.gresille.org\/auclairduquartier\/wp-json\/wp\/v2\/pages\/15","targetHints":{"allow":["GET"]}}],"collection":[{"href":"https:\/\/blogs.gresille.org\/auclairduquartier\/wp-json\/wp\/v2\/pages"}],"about":[{"href":"https:\/\/blogs.gresille.org\/auclairduquartier\/wp-json\/wp\/v2\/types\/page"}],"author":[{"embeddable":true,"href":"https:\/\/blogs.gresille.org\/auclairduquartier\/wp-json\/wp\/v2\/users\/3"}],"replies":[{"embeddable":true,"href":"https:\/\/blogs.gresille.org\/auclairduquartier\/wp-json\/wp\/v2\/comments?post=15"}],"version-history":[{"count":23,"href":"https:\/\/blogs.gresille.org\/auclairduquartier\/wp-json\/wp\/v2\/pages\/15\/revisions"}],"predecessor-version":[{"id":2711,"href":"https:\/\/blogs.gresille.org\/auclairduquartier\/wp-json\/wp\/v2\/pages\/15\/revisions\/2711"}],"wp:attachment":[{"href":"https:\/\/blogs.gresille.org\/auclairduquartier\/wp-json\/wp\/v2\/media?parent=15"}],"curies":[{"name":"wp","href":"https:\/\/api.w.org\/{rel}","templated":true}]}}